{"id":9648,"date":"2024-11-04T15:18:17","date_gmt":"2024-11-04T14:18:17","guid":{"rendered":"https:\/\/mad-traun.at\/?page_id=9648"},"modified":"2024-11-05T09:08:52","modified_gmt":"2024-11-05T08:08:52","slug":"glycerine","status":"publish","type":"page","link":"https:\/\/mad-traun.at\/en\/biodiesel\/glycerine\/","title":{"rendered":"Glycerine"},"content":{"rendered":"\n\n\t<section class=\"section\" id=\"section_1935484208\">\n\t\t<div class=\"section-bg fill\" >\n\t\t\t\t\t\t\t\t\t\n\t\t\t\n\n\t\t<\/div>\n\n\t\t\n\n\t\t<div class=\"section-content relative\">\n\t\t\t\n\n<div class=\"row\"  id=\"row-745542677\">\n\n\n\t<div id=\"col-1040787252\" class=\"col small-12 large-12\"  >\n\t\t\t\t<div class=\"col-inner\"  >\n\t\t\t\n\t\t\t\n\n<h1>Rapsmethylester<\/h1>\n<p>Rapsmethylester (RME), auch bekannt als Biodiesel, wird aus dem \u00d6l von Raps gewonnen. RME ist eine nachhaltige Alternative zu herk\u00f6mmlichem Diesel aus Erd\u00f6l und wird f\u00fcr seine umweltschonende Produktion gesch\u00e4tzt. Zus\u00e4tzlich ist RME vielseitig einsetzbar, zum Beispiel in Fahrzeugen, landwirtschaftlichen Maschinen und sogar als Heiz\u00f6lersatz.<\/p>\n\n\t\t<\/div>\n\t\t\t\t\t<\/div>\n\n\t\n\n<\/div>\n\n\t\t<\/div>\n\n\t\t\n<style>\n#section_1935484208 {\n  padding-top: 30px;\n  padding-bottom: 30px;\n}\n<\/style>\n\t<\/section>\n\t\n\n\t<section class=\"section\" id=\"section_1299793664\">\n\t\t<div class=\"section-bg fill\" >\n\t\t\t\t\t\t\t\t\t\n\t\t\t\n\n\t\t<\/div>\n\n\t\t\n\n\t\t<div class=\"section-content relative\">\n\t\t\t\n\n<div class=\"row align-center\"  id=\"row-1756370117\">\n\n\n\t<div id=\"col-80392600\" class=\"col medium-4 small-12 large-4\"  >\n\t\t\t\t<div class=\"col-inner text-center\"  >\n\t\t\t\n\t\t\t\n\n<p class=\"counting-figures\">\u00fcber <span class=\"count-up\">10000<\/span>t<\/p>\n\t<div id=\"text-2950877727\" class=\"text\">\n\t\t\n\n<h4 class=\"uppercase\">jahresmenge lagerware<\/h4>\n\t\t\n<style>\n#text-2950877727 {\n  text-align: center;\n}\n<\/style>\n\t<\/div>\n\t\n\n\t\t<\/div>\n\t\t\t\t\t<\/div>\n\n\t\n\n\t<div id=\"col-1543616985\" class=\"col medium-4 small-12 large-4\"  >\n\t\t\t\t<div class=\"col-inner\"  >\n\t\t\t\n\t\t\t\n\n\t<div id=\"text-3594328686\" class=\"text\">\n\t\t\n\n<p class=\"counting-figures\">\u00fcber <span class=\"count-up\">90<\/span> %<\/p>\n\t\t\n<style>\n#text-3594328686 {\n  text-align: center;\n}\n<\/style>\n\t<\/div>\n\t\n\t<div id=\"text-3448632508\" class=\"text\">\n\t\t\n\n<div>\n<h4 class=\"uppercase\">CO\u00b2-Einsparung<\/h4>\n<\/div>\n\t\t\n<style>\n#text-3448632508 {\n  text-align: center;\n}\n<\/style>\n\t<\/div>\n\t\n\n\t\t<\/div>\n\t\t\t\t\t<\/div>\n\n\t\n\n<\/div>\n\n\t\t<\/div>\n\n\t\t\n<style>\n#section_1299793664 {\n  padding-top: 0px;\n  padding-bottom: 0px;\n}\n<\/style>\n\t<\/section>\n\t\n\n\n\t<section class=\"section\" id=\"section_1911802171\">\n\t\t<div class=\"section-bg fill\" >\n\t\t\t\t\t\t\t\t\t\n\t\t\t\n\n\t\t<\/div>\n\n\t\t\n\n\t\t<div class=\"section-content relative\">\n\t\t\t\n\n\t<div id=\"gap-1182719593\" class=\"gap-element clearfix\" style=\"display:block; height:auto;\">\n\t\t\n<style>\n#gap-1182719593 {\n  padding-top: 30px;\n}\n<\/style>\n\t<\/div>\n\t\n\n<div class=\"row row-large align-middle align-center\"  id=\"row-1999884185\">\n\n\n\t<div id=\"col-1395283942\" class=\"col medium-10 small-12 large-6\"  >\n\t\t\t\t<div class=\"col-inner\"  >\n\t\t\t\n\t\t\t\n\n<p>Rapsmethylester zeichnet sich durch seine Umweltfreundlichkeit, hohe Schmierf\u00e4higkeit und saubere Verbrennung aus. RME reduziert sch\u00e4dliche Emissionen und verringert den Verschlei\u00df von Motorenteilen. Verwendet wird RME als Kraftstoff in Dieselmotoren. Er findet Anwendung in landwirtschaftlichen Maschinen sowie in Bauger\u00e4ten. Zudem wird RME als Heiz\u00f6lersatz und in industriellen Schmiermitteln eingesetzt, was ihn zu einer vielseitigen und nachhaltigen Alternative zu fossilen Brennstoffen macht.<\/p>\n\n\t\t<\/div>\n\t\t\t\t\t<\/div>\n\n\t\n\n\t<div id=\"col-46759507\" class=\"col medium-10 small-12 large-6 medium-col-first\"  >\n\t\t\t\t<div class=\"col-inner\"  >\n\t\t\t\n\t\t\t\n\n\n  <div class=\"banner has-hover\" id=\"banner-1487327355\">\n          <div class=\"banner-inner fill\">\n        <div class=\"banner-bg fill\" >\n            <img loading=\"lazy\" decoding=\"async\" width=\"1920\" height=\"836\" src=\"https:\/\/mad-traun.at\/wp-content\/uploads\/2023\/09\/Raps.jpeg\" class=\"bg attachment-original size-original\" alt=\"\" \/>                        <div class=\"overlay\"><\/div>            \n                    <\/div>\n\t\t\n        <div class=\"banner-layers container\">\n            <div class=\"fill banner-link\"><\/div>            \n\n\n        <\/div>\n      <\/div>\n\n            \n<style>\n#banner-1487327355 {\n  padding-top: 55vh;\n}\n#banner-1487327355 .overlay {\n  background-color: rgba(0, 0, 0, 0.15);\n}\n#banner-1487327355 .banner-bg img {\n  object-position: 42% 51%;\n}\n@media (min-width:550px) {\n  #banner-1487327355 {\n    padding-top: 75%;\n  }\n}\n<\/style>\n  <\/div>\n\n\n\n\t\t<\/div>\n\t\t\t\t\t<\/div>\n\n\t\n\n<\/div>\n\n\t\t<\/div>\n\n\t\t\n<style>\n#section_1911802171 {\n  padding-top: 30px;\n  padding-bottom: 30px;\n  min-height: 50vh;\n}\n@media (min-width:550px) {\n  #section_1911802171 {\n    padding-top: 50px;\n    padding-bottom: 50px;\n    min-height: 50vh;\n  }\n}\n@media (min-width:850px) {\n  #section_1911802171 {\n    padding-top: 90px;\n    padding-bottom: 90px;\n  }\n}\n<\/style>\n\t<\/section>\n\t\n\n\t<section class=\"section\" id=\"section_640761585\">\n\t\t<div class=\"section-bg fill\" >\n\t\t\t\t\t\t\t\t\t\n\t\t\t\n\n\t\t<\/div>\n\n\t\t\n\n\t\t<div class=\"section-content relative\">\n\t\t\t\n\n<div class=\"row row-large align-middle align-center\"  id=\"row-1856212994\">\n\n\n\t<div id=\"col-410498622\" class=\"col medium-10 small-12 large-6\"  >\n\t\t\t\t<div class=\"col-inner\"  >\n\t\t\t\n\t\t\t\n\n\n  <div class=\"banner has-hover\" id=\"banner-1941994282\">\n          <div class=\"banner-inner fill\">\n        <div class=\"banner-bg fill\" >\n            <img loading=\"lazy\" decoding=\"async\" width=\"1920\" height=\"1587\" src=\"https:\/\/mad-traun.at\/wp-content\/uploads\/2024\/11\/pexels-jill-burrow-6387845.jpg\" class=\"bg attachment-original size-original\" alt=\"\" \/>                        <div class=\"overlay\"><\/div>            \n                    <\/div>\n\t\t\n        <div class=\"banner-layers container\">\n            <div class=\"fill banner-link\"><\/div>            \n\n\n        <\/div>\n      <\/div>\n\n            \n<style>\n#banner-1941994282 {\n  padding-top: 55vh;\n}\n#banner-1941994282 .overlay {\n  background-color: rgba(0, 0, 0, 0.15);\n}\n#banner-1941994282 .banner-bg img {\n  object-position: 33% 50%;\n}\n@media (min-width:550px) {\n  #banner-1941994282 {\n    padding-top: 75%;\n  }\n}\n<\/style>\n  <\/div>\n\n\n\n\t\t<\/div>\n\t\t\t\t\t<\/div>\n\n\t\n\n\t<div id=\"col-713713385\" class=\"col medium-10 small-12 large-6\"  >\n\t\t\t\t<div class=\"col-inner\"  >\n\t\t\t\n\t\t\t\n\n<p>Rapsmethylester (RME) dient nicht nur als Kraftstoff, sondern produziert bei der Herstellung auch ein wichtiges Nebenprodukt: Glycerin, das in der Kosmetik- und Lebensmittelindustrie verwendet wird. Dadurch tr\u00e4gt RME nicht nur zur Reduzierung von CO\u2082-Emissionen bei, sondern nutzt auch Abfallprodukte sinnvoll.<\/p>\n\n\t\t<\/div>\n\t\t\t\t\t<\/div>\n\n\t\n\n<\/div>\n\t<div id=\"gap-463823560\" class=\"gap-element clearfix\" style=\"display:block; height:auto;\">\n\t\t\n<style>\n#gap-463823560 {\n  padding-top: 55px;\n}\n<\/style>\n\t<\/div>\n\t\n\n\n\t\t<\/div>\n\n\t\t\n<style>\n#section_640761585 {\n  padding-top: 0px;\n  padding-bottom: 0px;\n  min-height: 50vh;\n}\n@media (min-width:550px) {\n  #section_640761585 {\n    min-height: 50vh;\n  }\n}\n<\/style>\n\t<\/section>\n\t\n\n\t<section class=\"section\" id=\"section_378446895\">\n\t\t<div class=\"section-bg fill\" >\n\t\t\t\t\t\t\t\t\t\n\t\t\t\n\n\t\t<\/div>\n\n\t\t\n\n\t\t<div class=\"section-content relative\">\n\t\t\t\n\n<div class=\"row align-center\"  id=\"row-1384668192\">\n\n\n\t<div id=\"col-1529590023\" class=\"col contactHeader medium-7 small-12 large-7\"  >\n\t\t\t\t<div class=\"col-inner text-center\"  >\n\t\t\t\n\t\t\t\n\n<h3>Contact us<\/h3>\n<p>We are here for you and look forward to hearing from you.<\/p>\n\n\t\t<\/div>\n\t\t\t\t\t<\/div>\n\n\t\n\n<\/div>\n<div class=\"row row-collapse align-center\"  id=\"row-813521460\">\n\n\n\t<div id=\"col-1766460647\" class=\"col contactLeft medium-6 small-12 large-4\"  >\n\t\t\t\t<div class=\"col-inner\"  >\n\t\t\t\n\t\t\t\n\n<h4>Contact person<\/h4>\n\t<div class=\"img has-hover x md-x lg-x y md-y lg-y\" id=\"image_41272701\">\n\t\t\t\t\t\t\t\t<div class=\"img-inner image-cover dark\" style=\"padding-top:520px;\">\n\t\t\t<img loading=\"lazy\" decoding=\"async\" width=\"1080\" height=\"1500\" src=\"https:\/\/mad-traun.at\/wp-content\/uploads\/2023\/12\/20231218-Shooting-MAD-25-min.jpg\" class=\"attachment-original size-original\" alt=\"\" srcset=\"https:\/\/mad-traun.at\/wp-content\/uploads\/2023\/12\/20231218-Shooting-MAD-25-min.jpg 1080w, https:\/\/mad-traun.at\/wp-content\/uploads\/2023\/12\/20231218-Shooting-MAD-25-min-288x400.jpg 288w, https:\/\/mad-traun.at\/wp-content\/uploads\/2023\/12\/20231218-Shooting-MAD-25-min-576x800.jpg 576w, https:\/\/mad-traun.at\/wp-content\/uploads\/2023\/12\/20231218-Shooting-MAD-25-min-768x1067.jpg 768w\" sizes=\"auto, (max-width: 1080px) 100vw, 1080px\" \/>\t\t\t\t\t\t\n\t\t\t\t\t<\/div>\n\t\t\t\t\t\t\t\t\n<style>\n#image_41272701 {\n  width: 100%;\n}\n<\/style>\n\t<\/div>\n\t\n\n<h5>Wolfgang Jahl<\/h5>\n<p><strong>Phone:<\/strong> <a href=\"tel:%20+436644044844\">+43 664 40 44 8 44 <\/a> <br><strong>E-Mail:<\/strong> <a href=\"mailto:service@mad-traun.at\">service@mad-traun.at<\/a><\/p>\n\n\t\t<\/div>\n\t\t\t\t\n<style>\n#col-1766460647 > .col-inner {\n  padding: 0px 25px 0px 20px;\n}\n<\/style>\n\t<\/div>\n\n\t\n\n\t<div id=\"col-823755504\" class=\"col contactRight medium-6 small-12 large-5\"  >\n\t\t\t\t<div class=\"col-inner\"  >\n\t\t\t\n\t\t\t\n\n<h4>Contact form<\/h4>\n\n<div class=\"wpcf7 no-js\" id=\"wpcf7-f7903-o1\" lang=\"en-US\" dir=\"ltr\" data-wpcf7-id=\"7903\">\n<div class=\"screen-reader-response\"><p role=\"status\" aria-live=\"polite\" aria-atomic=\"true\"><\/p> <ul><\/ul><\/div>\n<form action=\"\/en\/wp-json\/wp\/v2\/pages\/9648#wpcf7-f7903-o1\" method=\"post\" class=\"wpcf7-form init\" aria-label=\"Contact form\" novalidate=\"novalidate\" data-status=\"init\">\n<fieldset class=\"hidden-fields-container\"><input type=\"hidden\" name=\"_wpcf7\" value=\"7903\" \/><input type=\"hidden\" name=\"_wpcf7_version\" value=\"6.1.3\" \/><input type=\"hidden\" name=\"_wpcf7_locale\" value=\"en_US\" \/><input type=\"hidden\" name=\"_wpcf7_unit_tag\" value=\"wpcf7-f7903-o1\" \/><input type=\"hidden\" name=\"_wpcf7_container_post\" value=\"0\" \/><input type=\"hidden\" name=\"_wpcf7_posted_data_hash\" value=\"\" \/><input type=\"hidden\" name=\"_wpcf7_recaptcha_response\" value=\"\" \/>\n<\/fieldset>\n<p><label> Name*<br \/>\n<span class=\"wpcf7-form-control-wrap\" data-name=\"full-name\"><input size=\"40\" maxlength=\"400\" class=\"wpcf7-form-control wpcf7-text wpcf7-validates-as-required\" aria-required=\"true\" aria-invalid=\"false\" value=\"\" type=\"text\" name=\"full-name\" \/><\/span><br \/>\n<\/label>\n<\/p>\n<p><label> E-mail address*<br \/>\n<span class=\"wpcf7-form-control-wrap\" data-name=\"your-email\"><input size=\"40\" maxlength=\"400\" class=\"wpcf7-form-control wpcf7-email wpcf7-validates-as-required wpcf7-text wpcf7-validates-as-email\" aria-required=\"true\" aria-invalid=\"false\" value=\"\" type=\"email\" name=\"your-email\" \/><\/span><br \/>\n<\/label>\n<\/p>\n<p><label> Message<br \/>\n<span class=\"wpcf7-form-control-wrap\" data-name=\"message\"><textarea cols=\"40\" rows=\"10\" maxlength=\"2000\" class=\"wpcf7-form-control wpcf7-textarea\" aria-invalid=\"false\" name=\"message\"><\/textarea><\/span><br \/>\n<\/label>\n<\/p>\n<div class=\"contact-form-flex datenschutz\">\n\t<p><span class=\"wpcf7-form-control-wrap\" data-name=\"datenschutz\"><span class=\"wpcf7-form-control wpcf7-acceptance\"><span class=\"wpcf7-list-item\"><input type=\"checkbox\" name=\"datenschutz\" value=\"1\" aria-invalid=\"false\" \/><\/span><\/span><\/span><label>I have read and accepted the <a href=\"\/datenschutz\"> privacy policy <\/a>.<\/label>\n\t<\/p>\n<\/div>\n<div>\n\t<p>This website is protected by Google reCAPTCHA. Please note Google's <a href=\"https:\/\/policies.google.com\/privacy\"> privacy policy<\/a> and <a href=\"https:\/\/policies.google.com\/terms\">terms of use<\/a>.\n\t<\/p>\n<\/div>\n<p><input class=\"wpcf7-form-control wpcf7-submit has-spinner button\" type=\"submit\" value=\"Senden\" \/>\n<\/p><div class=\"wpcf7-response-output\" aria-hidden=\"true\"><\/div>\n<\/form>\n<\/div>\n\n\n\n\t\t<\/div>\n\t\t\t\t\n<style>\n#col-823755504 > .col-inner {\n  padding: 0px 20px 0px 25px;\n}\n<\/style>\n\t<\/div>\n\n\t\n\n<\/div>\n\n\n\t\t<\/div>\n\n\t\t\n<style>\n#section_378446895 {\n  padding-top: 20px;\n  padding-bottom: 20px;\n}\n@media (min-width:550px) {\n  #section_378446895 {\n    padding-top: 60px;\n    padding-bottom: 60px;\n  }\n}\n@media (min-width:850px) {\n  #section_378446895 {\n    padding-top: 90px;\n    padding-bottom: 90px;\n  }\n}\n<\/style>\n\t<\/section>\n\t\n\n","protected":false},"excerpt":{"rendered":"","protected":false},"author":1,"featured_media":0,"parent":7830,"menu_order":0,"comment_status":"closed","ping_status":"closed","template":"page-blank.php","meta":{"_acf_changed":false,"footnotes":""},"class_list":["post-9648","page","type-page","status-publish","hentry"],"acf":[],"yoast_head":"<!-- This site is optimized with the Yoast SEO plugin v26.4 - https:\/\/yoast.com\/wordpress\/plugins\/seo\/ -->\n<title>MAD | Your supplier for Glycerine 90<\/title>\n<meta name=\"description\" content=\"Glycerine 90 is characterized by its versatile properties, which make it a sought-after raw material.\" \/>\n<meta name=\"robots\" content=\"index, follow, max-snippet:-1, max-image-preview:large, max-video-preview:-1\" \/>\n<link rel=\"canonical\" href=\"https:\/\/mad-traun.at\/en\/biodiesel\/glycerine\/\" \/>\n<meta property=\"og:locale\" content=\"en_US\" \/>\n<meta property=\"og:type\" content=\"article\" \/>\n<meta property=\"og:title\" content=\"MAD | Your supplier for Glycerine 90\" \/>\n<meta property=\"og:description\" content=\"Glycerine 90 is characterized by its versatile properties, which make it a sought-after raw material.\" \/>\n<meta property=\"og:url\" content=\"https:\/\/mad-traun.at\/en\/biodiesel\/glycerine\/\" \/>\n<meta property=\"og:site_name\" content=\"MAD Handels GmbH\" \/>\n<meta property=\"article:modified_time\" content=\"2024-11-05T08:08:52+00:00\" \/>\n<meta name=\"twitter:card\" content=\"summary_large_image\" \/>\n<meta name=\"twitter:label1\" content=\"Est. reading time\" \/>\n\t<meta name=\"twitter:data1\" content=\"2 minutes\" \/>\n<script type=\"application\/ld+json\" class=\"yoast-schema-graph\">{\"@context\":\"https:\/\/schema.org\",\"@graph\":[{\"@type\":\"WebPage\",\"@id\":\"https:\/\/mad-traun.at\/en\/biodiesel\/glycerine\/\",\"url\":\"https:\/\/mad-traun.at\/en\/biodiesel\/glycerine\/\",\"name\":\"MAD | Your supplier for Glycerine 90\",\"isPartOf\":{\"@id\":\"https:\/\/mad-traun.at\/en\/#website\"},\"datePublished\":\"2024-11-04T14:18:17+00:00\",\"dateModified\":\"2024-11-05T08:08:52+00:00\",\"description\":\"Glycerine 90 is characterized by its versatile properties, which make it a sought-after raw material.\",\"breadcrumb\":{\"@id\":\"https:\/\/mad-traun.at\/en\/biodiesel\/glycerine\/#breadcrumb\"},\"inLanguage\":\"en-US\",\"potentialAction\":[{\"@type\":\"ReadAction\",\"target\":[\"https:\/\/mad-traun.at\/en\/biodiesel\/glycerine\/\"]}]},{\"@type\":\"BreadcrumbList\",\"@id\":\"https:\/\/mad-traun.at\/en\/biodiesel\/glycerine\/#breadcrumb\",\"itemListElement\":[{\"@type\":\"ListItem\",\"position\":1,\"name\":\"Startseite\",\"item\":\"https:\/\/mad-traun.at\/en\/\"},{\"@type\":\"ListItem\",\"position\":2,\"name\":\"Biodiesel\",\"item\":\"https:\/\/mad-traun.at\/en\/biodiesel\/\"},{\"@type\":\"ListItem\",\"position\":3,\"name\":\"Glycerine\"}]},{\"@type\":\"WebSite\",\"@id\":\"https:\/\/mad-traun.at\/en\/#website\",\"url\":\"https:\/\/mad-traun.at\/en\/\",\"name\":\"MAD Handels GmbH\",\"description\":\"\",\"publisher\":{\"@id\":\"https:\/\/mad-traun.at\/en\/#organization\"},\"potentialAction\":[{\"@type\":\"SearchAction\",\"target\":{\"@type\":\"EntryPoint\",\"urlTemplate\":\"https:\/\/mad-traun.at\/en\/?s={search_term_string}\"},\"query-input\":{\"@type\":\"PropertyValueSpecification\",\"valueRequired\":true,\"valueName\":\"search_term_string\"}}],\"inLanguage\":\"en-US\"},{\"@type\":\"Organization\",\"@id\":\"https:\/\/mad-traun.at\/en\/#organization\",\"name\":\"MAD Handels GmbH\",\"url\":\"https:\/\/mad-traun.at\/en\/\",\"logo\":{\"@type\":\"ImageObject\",\"inLanguage\":\"en-US\",\"@id\":\"https:\/\/mad-traun.at\/en\/#\/schema\/logo\/image\/\",\"url\":\"https:\/\/mad-neu.server1.dev-web.at\/wp-content\/uploads\/2023\/09\/MAD-Logo_210x80px-1.svg\",\"contentUrl\":\"https:\/\/mad-neu.server1.dev-web.at\/wp-content\/uploads\/2023\/09\/MAD-Logo_210x80px-1.svg\",\"width\":1,\"height\":1,\"caption\":\"MAD Handels GmbH\"},\"image\":{\"@id\":\"https:\/\/mad-traun.at\/en\/#\/schema\/logo\/image\/\"}}]}<\/script>\n<!-- \/ Yoast SEO plugin. -->","yoast_head_json":{"title":"MAD | Your supplier for Glycerine 90","description":"Glycerine 90 is characterized by its versatile properties, which make it a sought-after raw material.","robots":{"index":"index","follow":"follow","max-snippet":"max-snippet:-1","max-image-preview":"max-image-preview:large","max-video-preview":"max-video-preview:-1"},"canonical":"https:\/\/mad-traun.at\/en\/biodiesel\/glycerine\/","og_locale":"en_US","og_type":"article","og_title":"MAD | Your supplier for Glycerine 90","og_description":"Glycerine 90 is characterized by its versatile properties, which make it a sought-after raw material.","og_url":"https:\/\/mad-traun.at\/en\/biodiesel\/glycerine\/","og_site_name":"MAD Handels GmbH","article_modified_time":"2024-11-05T08:08:52+00:00","twitter_card":"summary_large_image","twitter_misc":{"Est. reading time":"2 minutes"},"schema":{"@context":"https:\/\/schema.org","@graph":[{"@type":"WebPage","@id":"https:\/\/mad-traun.at\/en\/biodiesel\/glycerine\/","url":"https:\/\/mad-traun.at\/en\/biodiesel\/glycerine\/","name":"MAD | Your supplier for Glycerine 90","isPartOf":{"@id":"https:\/\/mad-traun.at\/en\/#website"},"datePublished":"2024-11-04T14:18:17+00:00","dateModified":"2024-11-05T08:08:52+00:00","description":"Glycerine 90 is characterized by its versatile properties, which make it a sought-after raw material.","breadcrumb":{"@id":"https:\/\/mad-traun.at\/en\/biodiesel\/glycerine\/#breadcrumb"},"inLanguage":"en-US","potentialAction":[{"@type":"ReadAction","target":["https:\/\/mad-traun.at\/en\/biodiesel\/glycerine\/"]}]},{"@type":"BreadcrumbList","@id":"https:\/\/mad-traun.at\/en\/biodiesel\/glycerine\/#breadcrumb","itemListElement":[{"@type":"ListItem","position":1,"name":"Startseite","item":"https:\/\/mad-traun.at\/en\/"},{"@type":"ListItem","position":2,"name":"Biodiesel","item":"https:\/\/mad-traun.at\/en\/biodiesel\/"},{"@type":"ListItem","position":3,"name":"Glycerine"}]},{"@type":"WebSite","@id":"https:\/\/mad-traun.at\/en\/#website","url":"https:\/\/mad-traun.at\/en\/","name":"MAD Handels GmbH","description":"","publisher":{"@id":"https:\/\/mad-traun.at\/en\/#organization"},"potentialAction":[{"@type":"SearchAction","target":{"@type":"EntryPoint","urlTemplate":"https:\/\/mad-traun.at\/en\/?s={search_term_string}"},"query-input":{"@type":"PropertyValueSpecification","valueRequired":true,"valueName":"search_term_string"}}],"inLanguage":"en-US"},{"@type":"Organization","@id":"https:\/\/mad-traun.at\/en\/#organization","name":"MAD Handels GmbH","url":"https:\/\/mad-traun.at\/en\/","logo":{"@type":"ImageObject","inLanguage":"en-US","@id":"https:\/\/mad-traun.at\/en\/#\/schema\/logo\/image\/","url":"https:\/\/mad-neu.server1.dev-web.at\/wp-content\/uploads\/2023\/09\/MAD-Logo_210x80px-1.svg","contentUrl":"https:\/\/mad-neu.server1.dev-web.at\/wp-content\/uploads\/2023\/09\/MAD-Logo_210x80px-1.svg","width":1,"height":1,"caption":"MAD Handels GmbH"},"image":{"@id":"https:\/\/mad-traun.at\/en\/#\/schema\/logo\/image\/"}}]}},"_links":{"self":[{"href":"https:\/\/mad-traun.at\/en\/wp-json\/wp\/v2\/pages\/9648","targetHints":{"allow":["GET"]}}],"collection":[{"href":"https:\/\/mad-traun.at\/en\/wp-json\/wp\/v2\/pages"}],"about":[{"href":"https:\/\/mad-traun.at\/en\/wp-json\/wp\/v2\/types\/page"}],"author":[{"embeddable":true,"href":"https:\/\/mad-traun.at\/en\/wp-json\/wp\/v2\/users\/1"}],"replies":[{"embeddable":true,"href":"https:\/\/mad-traun.at\/en\/wp-json\/wp\/v2\/comments?post=9648"}],"version-history":[{"count":6,"href":"https:\/\/mad-traun.at\/en\/wp-json\/wp\/v2\/pages\/9648\/revisions"}],"predecessor-version":[{"id":9684,"href":"https:\/\/mad-traun.at\/en\/wp-json\/wp\/v2\/pages\/9648\/revisions\/9684"}],"up":[{"embeddable":true,"href":"https:\/\/mad-traun.at\/en\/wp-json\/wp\/v2\/pages\/7830"}],"wp:attachment":[{"href":"https:\/\/mad-traun.at\/en\/wp-json\/wp\/v2\/media?parent=9648"}],"curies":[{"name":"wp","href":"https:\/\/api.w.org\/{rel}","templated":true}]}}